{"id":486,"date":"2025-05-29T14:45:21","date_gmt":"2025-05-29T12:45:21","guid":{"rendered":"https:\/\/stanziacocci.host25.com\/?page_id=486"},"modified":"2025-05-31T13:43:03","modified_gmt":"2025-05-31T11:43:03","slug":"destination","status":"publish","type":"page","link":"https:\/\/stanziacocci.com\/de\/destination\/","title":{"rendered":"Reiseziel"},"content":{"rendered":"<div data-elementor-type=\"wp-page\" data-elementor-id=\"486\" class=\"elementor elementor-486\">\n\t\t\t\t<div class=\"elementor-element elementor-element-4365869e e-flex e-con-boxed e-con e-parent\" data-id=\"4365869e\" data-element_type=\"container\" data-settings=\"{&quot;background_background&quot;:&quot;classic&quot;}\">\n\t\t\t\t\t<div class=\"e-con-inner\">\n\t\t<div class=\"elementor-element elementor-element-f199f2c e-flex e-con-boxed e-con e-child\" data-id=\"f199f2c\" data-element_type=\"container\">\n\t\t\t\t\t<div class=\"e-con-inner\">\n\t\t\t\t<div class=\"elementor-element elementor-element-2eebb705 elementor-widget elementor-widget-jkit_heading\" data-id=\"2eebb705\" data-element_type=\"widget\" data-widget_type=\"jkit_heading.default\">\n\t\t\t\t<div class=\"elementor-widget-container\">\n\t\t\t\t\t<div  class=\"jeg-elementor-kit jkit-heading  align-center align-tablet- align-mobile- jeg_module___69e2800cb0cab\" ><div class=\"heading-section-title  display-inline-block\"><h1 class=\"heading-title\">Kroatien <span class=\"style-color\"><span> Istrien<\/span><\/span><\/h1><\/div><\/div>\t\t\t\t<\/div>\n\t\t\t\t<\/div>\n\t\t\t\t<div class=\"elementor-element elementor-element-62fcb44 elementor-icon-list--layout-inline elementor-align-center elementor-list-item-link-full_width elementor-widget elementor-widget-icon-list\" data-id=\"62fcb44\" data-element_type=\"widget\" data-widget_type=\"icon-list.default\">\n\t\t\t\t<div class=\"elementor-widget-container\">\n\t\t\t\t\t\t\t<ul class=\"elementor-icon-list-items elementor-inline-items\">\n\t\t\t\t\t\t\t<li class=\"elementor-icon-list-item elementor-inline-item\">\n\t\t\t\t\t\t\t\t\t\t<span class=\"elementor-icon-list-text\">Startseite<\/span>\n\t\t\t\t\t\t\t\t\t<\/li>\n\t\t\t\t\t\t\t\t<li class=\"elementor-icon-list-item elementor-inline-item\">\n\t\t\t\t\t\t\t\t\t\t\t<span class=\"elementor-icon-list-icon\">\n\t\t\t\t\t\t\t<svg aria-hidden=\"true\" class=\"e-font-icon-svg e-fas-chevron-right\" viewbox=\"0 0 320 512\" xmlns=\"http:\/\/www.w3.org\/2000\/svg\"><path d=\"M285.476 272.971L91.132 467.314c-9.373 9.373-24.569 9.373-33.941 0l-22.667-22.667c-9.357-9.357-9.375-24.522-.04-33.901L188.505 256 34.484 101.255c-9.335-9.379-9.317-24.544.04-33.901l22.667-22.667c9.373-9.373 24.569-9.373 33.941 0L285.475 239.03c9.373 9.372 9.373 24.568.001 33.941z\"><\/path><\/svg>\t\t\t\t\t\t<\/span>\n\t\t\t\t\t\t\t\t\t\t<span class=\"elementor-icon-list-text\">Reiseziel<\/span>\n\t\t\t\t\t\t\t\t\t<\/li>\n\t\t\t\t\t\t<\/ul>\n\t\t\t\t\t\t<\/div>\n\t\t\t\t<\/div>\n\t\t\t\t\t<\/div>\n\t\t\t\t<\/div>\n\t\t\t\t\t<\/div>\n\t\t\t\t<\/div>\n\t\t<div class=\"elementor-element elementor-element-1f024feb e-flex e-con-boxed e-con e-parent\" data-id=\"1f024feb\" data-element_type=\"container\">\n\t\t\t\t\t<div class=\"e-con-inner\">\n\t\t<div class=\"elementor-element elementor-element-1fd29e6b e-flex e-con-boxed e-con e-child\" data-id=\"1fd29e6b\" data-element_type=\"container\">\n\t\t\t\t\t<div class=\"e-con-inner\">\n\t\t\t\t<div class=\"elementor-element elementor-element-46abed1c elementor-widget elementor-widget-text-editor\" data-id=\"46abed1c\" data-element_type=\"widget\" data-widget_type=\"text-editor.default\">\n\t\t\t\t<div class=\"elementor-widget-container\">\n\t\t\t\t\t\t\t\t\t<h2 data-start=\"266\" data-end=\"315\">Entdecken Sie Istrien \u2013 ein zeitloser mediterraner Schatz<\/h2><p data-start=\"317\" data-end=\"620\">Willkommen in Istrien, einer faszinierenden Halbinsel im Herzen der Adria, die nat\u00fcrliche Sch\u00f6nheit, reiche Geschichte und einen warmen mediterranen Geist m\u00fchelos vereint. Egal, ob Sie Entspannung, Abenteuer oder einen authentischen Einblick in die kroatische Kultur suchen \u2013 Istrien hat f\u00fcr jeden Reisenden etwas ganz Besonderes zu bieten.<\/p><p data-start=\"2168\" data-end=\"2288\">\u00a0<\/p>\t\t\t\t\t\t\t\t<\/div>\n\t\t\t\t<\/div>\n\t\t\t\t\t<\/div>\n\t\t\t\t<\/div>\n\t\t<div class=\"elementor-element elementor-element-fdf0b02 e-con-full e-flex e-con e-child\" data-id=\"fdf0b02\" data-element_type=\"container\">\n\t\t<div class=\"elementor-element elementor-element-57936ba e-con-full e-flex e-con e-child\" data-id=\"57936ba\" data-element_type=\"container\">\n\t\t\t\t<div class=\"elementor-element elementor-element-d269248 elementor-arrows-position-inside elementor-pagination-position-outside elementor-widget elementor-widget-image-carousel\" data-id=\"d269248\" data-element_type=\"widget\" data-settings=\"{&quot;slides_to_show&quot;:&quot;1&quot;,&quot;navigation&quot;:&quot;both&quot;,&quot;autoplay&quot;:&quot;yes&quot;,&quot;pause_on_hover&quot;:&quot;yes&quot;,&quot;pause_on_interaction&quot;:&quot;yes&quot;,&quot;autoplay_speed&quot;:5000,&quot;infinite&quot;:&quot;yes&quot;,&quot;effect&quot;:&quot;slide&quot;,&quot;speed&quot;:500}\" data-widget_type=\"image-carousel.default\">\n\t\t\t\t<div class=\"elementor-widget-container\">\n\t\t\t\t\t\t\t<div class=\"elementor-image-carousel-wrapper swiper\" role=\"region\" aria-roledescription=\"carousel\" aria-label=\"Image Carousel\" dir=\"ltr\">\n\t\t\t<div class=\"elementor-image-carousel swiper-wrapper\" aria-live=\"off\">\n\t\t\t\t\t\t\t\t<div class=\"swiper-slide\" role=\"group\" aria-roledescription=\"slide\" aria-label=\"1 von 4\" data-no-translation-aria-label=\"\"><figure class=\"swiper-slide-inner\"><img decoding=\"async\" class=\"swiper-slide-image\" src=\"https:\/\/stanziacocci.com\/wp-content\/uploads\/2025\/05\/Vrsar_01-768x450.jpg\" alt=\"Vrsar_01\" \/><\/figure><\/div><div class=\"swiper-slide\" role=\"group\" aria-roledescription=\"slide\" aria-label=\"2 von 4\" data-no-translation-aria-label=\"\"><figure class=\"swiper-slide-inner\"><img decoding=\"async\" class=\"swiper-slide-image\" src=\"https:\/\/stanziacocci.com\/wp-content\/uploads\/2025\/05\/boskarin_01-768x660.jpg\" alt=\"boskarin_01\" \/><\/figure><\/div><div class=\"swiper-slide\" role=\"group\" aria-roledescription=\"slide\" aria-label=\"3 von 4\" data-no-translation-aria-label=\"\"><figure class=\"swiper-slide-inner\"><img decoding=\"async\" class=\"swiper-slide-image\" src=\"https:\/\/stanziacocci.com\/wp-content\/uploads\/2025\/05\/verudela_1-768x479.jpg\" alt=\"verudela_1\" \/><\/figure><\/div><div class=\"swiper-slide\" role=\"group\" aria-roledescription=\"slide\" aria-label=\"4 von 4\" data-no-translation-aria-label=\"\"><figure class=\"swiper-slide-inner\"><img decoding=\"async\" class=\"swiper-slide-image\" src=\"https:\/\/stanziacocci.com\/wp-content\/uploads\/2025\/05\/Motovun_01-768x442.jpg\" alt=\"Motovun_01\" \/><\/figure><\/div>\t\t\t<\/div>\n\t\t\t\t\t\t\t\t\t\t\t\t<div class=\"elementor-swiper-button elementor-swiper-button-prev\" role=\"button\" tabindex=\"0\">\n\t\t\t\t\t\t<svg aria-hidden=\"true\" class=\"e-font-icon-svg e-eicon-chevron-left\" viewbox=\"0 0 1000 1000\" xmlns=\"http:\/\/www.w3.org\/2000\/svg\"><path d=\"M646 125C629 125 613 133 604 142L308 442C296 454 292 471 292 487 292 504 296 521 308 533L604 854C617 867 629 875 646 875 663 875 679 871 692 858 704 846 713 829 713 812 713 796 708 779 692 767L438 487 692 225C700 217 708 204 708 187 708 171 704 154 692 142 675 129 663 125 646 125Z\"><\/path><\/svg>\t\t\t\t\t<\/div>\n\t\t\t\t\t<div class=\"elementor-swiper-button elementor-swiper-button-next\" role=\"button\" tabindex=\"0\">\n\t\t\t\t\t\t<svg aria-hidden=\"true\" class=\"e-font-icon-svg e-eicon-chevron-right\" viewbox=\"0 0 1000 1000\" xmlns=\"http:\/\/www.w3.org\/2000\/svg\"><path d=\"M696 533C708 521 713 504 713 487 713 471 708 454 696 446L400 146C388 133 375 125 354 125 338 125 325 129 313 142 300 154 292 171 292 187 292 204 296 221 308 233L563 492 304 771C292 783 288 800 288 817 288 833 296 850 308 863 321 871 338 875 354 875 371 875 388 867 400 854L696 533Z\"><\/path><\/svg>\t\t\t\t\t<\/div>\n\t\t\t\t\n\t\t\t\t\t\t\t\t\t<div class=\"swiper-pagination\"><\/div>\n\t\t\t\t\t\t\t\t\t<\/div>\n\t\t\t\t\t\t<\/div>\n\t\t\t\t<\/div>\n\t\t\t\t<\/div>\n\t\t\t\t<\/div>\n\t\t<div class=\"elementor-element elementor-element-8810828 e-con-full e-flex e-con e-child\" data-id=\"8810828\" data-element_type=\"container\">\n\t\t\t\t<div class=\"elementor-element elementor-element-62af69f elementor-widget elementor-widget-text-editor\" data-id=\"62af69f\" data-element_type=\"widget\" data-widget_type=\"text-editor.default\">\n\t\t\t\t<div class=\"elementor-widget-container\">\n\t\t\t\t\t\t\t\t\t<p data-start=\"317\" data-end=\"620\">\u00a0<\/p><h3 data-start=\"622\" data-end=\"662\">Bezaubernde Natur &amp; K\u00fcstenlandschaft<\/h3><p data-start=\"663\" data-end=\"945\">Istrien ist bekannt f\u00fcr sein kristallklares Wasser, unber\u00fchrte Str\u00e4nde und eine malerische K\u00fcste mit charmanten Fischerorten. Inland sind sanfte H\u00fcgel von Olivenhainen, Weinbergen und uralten W\u00e4ldern bedeckt \u2013 perfekt zum Wandern, Radfahren oder einfach zum Genie\u00dfen der ruhigen Landschaft.<\/p><h3 data-start=\"947\" data-end=\"993\">Historische Sch\u00e4tze &amp; kulturelles Erbe<\/h3><p data-start=\"994\" data-end=\"1260\">Entdecken Sie pittoreske St\u00e4dte wie Rovinj, Pore\u010d und Motovun, in denen Jahrhunderte Geschichte widerhallen. Schlendern Sie durch die Kopfsteinpflasterstra\u00dfen, bewundern Sie r\u00f6mische Ruinen wie das ber\u00fchmte Amphitheater in Pula und entdecken Sie mittelalterliche Festungen auf H\u00fcgelkuppen mit atemberaubenden Panoramablicken.<\/p><h3 data-start=\"1262\" data-end=\"1285\">Ein kulinarisches Paradies<\/h3><p data-start=\"1286\" data-end=\"1582\">Istrien ist ein Paradies f\u00fcr Feinschmecker. Kosten Sie preisgekr\u00f6nte Oliven\u00f6le, probieren Sie Weine von Weltklasse und genie\u00dfen Sie frische Meeresfr\u00fcchte und lokale Spezialit\u00e4ten wie Tr\u00fcffel und istrischen Prosciutto. Die Farm-to-Table-Tradition der Region und familiengef\u00fchrte Konobas (Tavernen) bieten unvergessliche kulinarische Erlebnisse.<\/p><h3 data-start=\"1584\" data-end=\"1609\">Abenteuer &amp; Freizeit<\/h3><p data-start=\"1610\" data-end=\"1913\">Ob Sie nun entlang der K\u00fcste segeln, in versteckten Buchten schnorcheln, durch Weinberge radeln oder Nationalparks besuchen \u2013 Istrien bietet zahllose M\u00f6glichkeiten f\u00fcr Abenteuer in der Natur und Entspannung gleicherma\u00dfen. Besuchen Sie unbedingt den Nationalpark Brijuni oder unternehmen Sie eine malerische Fahrt entlang der Wein- und Oliven\u00f6lrouten.<\/p><h3 data-start=\"1915\" data-end=\"1944\">Perfekt f\u00fcr alle Jahreszeiten<\/h3><p data-start=\"1945\" data-end=\"2161\">W\u00e4hrend der Sommer ideal f\u00fcr sonnenverw\u00f6hnte Strandtage ist, verzaubert Istrien das ganze Jahr \u00fcber. Im Fr\u00fchling und Herbst genie\u00dfen Sie weniger Menschenmengen, \u00fcppige Natur und saisonale Feste. Der Winter bringt eine friedliche Atmosph\u00e4re und eignet sich perfekt f\u00fcr gem\u00fctliche Ausfl\u00fcge.<\/p><hr data-start=\"2163\" data-end=\"2166\" \/><p data-start=\"2168\" data-end=\"2288\"><strong data-start=\"2168\" data-end=\"2288\">Erleben Sie die Magie Istriens \u2013 ein Reiseziel, in dem jede Ecke eine Geschichte erz\u00e4hlt und jeder Moment sich wie ein Traum anf\u00fchlt.<\/strong><\/p>\t\t\t\t\t\t\t\t<\/div>\n\t\t\t\t<\/div>\n\t\t\t\t<\/div>\n\t\t<div class=\"elementor-element elementor-element-392bd931 e-flex e-con-boxed e-con e-child\" data-id=\"392bd931\" data-element_type=\"container\">\n\t\t\t\t\t<div class=\"e-con-inner\">\n\t\t\t\t<div class=\"elementor-element elementor-element-c355242 elementor-widget elementor-widget-video\" data-id=\"c355242\" data-element_type=\"widget\" data-settings=\"{&quot;youtube_url&quot;:&quot;https:\\\/\\\/www.youtube.com\\\/watch?v=9g-TkZuuGGU&quot;,&quot;video_type&quot;:&quot;youtube&quot;,&quot;controls&quot;:&quot;yes&quot;}\" data-widget_type=\"video.default\">\n\t\t\t\t<div class=\"elementor-widget-container\">\n\t\t\t\t\t\t\t<div class=\"elementor-wrapper elementor-open-inline\">\n\t\t\t<div class=\"elementor-video\"><\/div>\t\t<\/div>\n\t\t\t\t\t\t<\/div>\n\t\t\t\t<\/div>\n\t\t\t\t\t<\/div>\n\t\t\t\t<\/div>\n\t\t<div class=\"elementor-element elementor-element-68c50d0f e-flex e-con-boxed e-con e-child\" data-id=\"68c50d0f\" data-element_type=\"container\">\n\t\t\t\t\t<div class=\"e-con-inner\">\n\t\t\t\t<div class=\"elementor-element elementor-element-6b36eebf elementor-widget elementor-widget-text-editor\" data-id=\"6b36eebf\" data-element_type=\"widget\" data-widget_type=\"text-editor.default\">\n\t\t\t\t<div class=\"elementor-widget-container\">\n\t\t\t\t\t\t\t\t\t<p>Nicht verpassen<\/p><div class=\"su-list su-list-style-\"><ul><li><i class=\"fa fa-arrow-right\"><\/i>Rovinj: ein typisches istrisches K\u00fcstenst\u00e4dtchen \u2013 70 km<\/li><li><i class=\"fa fa-arrow-right\"><\/i>Pula: ein r\u00f6misches Amphitheater \u2013 85 km<\/li><li><i class=\"fa fa-arrow-right\"><\/i>Gro\u017enjan: eine K\u00fcnstlerstadt \u2013 20 km<\/li><li><i class=\"fa fa-arrow-right\"><\/i>Pore\u010d, Umag, Novigrad: die n\u00e4chstgelegenen Touristenzentren an der K\u00fcste (8\u201325 km)<\/li><\/ul><p>\u00a0<\/p><\/div><p>Tourismusverband Istrien\u00a0<a href=\"http:\/\/www.istra.hr\/en\/home\" target=\"_blank\" rel=\"noopener\">www.istra.hr<\/a><\/p><p><a href=\"http:\/\/www.coloursofistria.com\/en\/destinations\/brtonigla\" target=\"_blank\" rel=\"noopener\">Mehr Informationen \u00fcber das Reiseziel:<\/a><\/p>\t\t\t\t\t\t\t\t<\/div>\n\t\t\t\t<\/div>\n\t\t\t\t\t<\/div>\n\t\t\t\t<\/div>\n\t\t<div class=\"elementor-element elementor-element-266347cc e-flex e-con-boxed e-con e-child\" data-id=\"266347cc\" data-element_type=\"container\" data-settings=\"{&quot;background_background&quot;:&quot;classic&quot;}\">\n\t\t\t\t\t<div class=\"e-con-inner\">\n\t\t\t\t<div class=\"elementor-element elementor-element-1f9bc40a elementor-widget elementor-widget-heading\" data-id=\"1f9bc40a\" data-element_type=\"widget\" data-widget_type=\"heading.default\">\n\t\t\t\t<div class=\"elementor-widget-container\">\n\t\t\t\t\t<h2 class=\"elementor-heading-title elementor-size-default\">\u201eVon seiner smaragdgr\u00fcnen K\u00fcste \u00fcber die H\u00fcgeld\u00f6rfer bis hin zu seinen Gourmet-Gen\u00fcssen l\u00e4dt Istrien Sie ein, die Seele der Adria zu erleben.\u201c<\/h2>\t\t\t\t<\/div>\n\t\t\t\t<\/div>\n\t\t\t\t\t<\/div>\n\t\t\t\t<\/div>\n\t\t\t\t\t<\/div>\n\t\t\t\t<\/div>\n\t\t\t\t<\/div>","protected":false},"excerpt":{"rendered":"<p>Croatia Istria Home Desrination Discover Istria \u2013 A Timeless Mediterranean Gem Welcome to Istria, a captivating peninsula in the heart of the Adriatic that seamlessly blends natural beauty, rich history, and a warm Mediterranean spirit. Whether you&#8217;re seeking relaxation, adventure, or a taste of authentic Croatian culture, Istria offers something truly special for every traveler. [&hellip;]<\/p>","protected":false},"author":1,"featured_media":0,"parent":0,"menu_order":0,"comment_status":"closed","ping_status":"closed","template":"elementor_header_footer","meta":{"footnotes":""},"class_list":["post-486","page","type-page","status-publish","hentry"],"_links":{"self":[{"href":"https:\/\/stanziacocci.com\/de\/wp-json\/wp\/v2\/pages\/486","targetHints":{"allow":["GET"]}}],"collection":[{"href":"https:\/\/stanziacocci.com\/de\/wp-json\/wp\/v2\/pages"}],"about":[{"href":"https:\/\/stanziacocci.com\/de\/wp-json\/wp\/v2\/types\/page"}],"author":[{"embeddable":true,"href":"https:\/\/stanziacocci.com\/de\/wp-json\/wp\/v2\/users\/1"}],"replies":[{"embeddable":true,"href":"https:\/\/stanziacocci.com\/de\/wp-json\/wp\/v2\/comments?post=486"}],"version-history":[{"count":22,"href":"https:\/\/stanziacocci.com\/de\/wp-json\/wp\/v2\/pages\/486\/revisions"}],"predecessor-version":[{"id":609,"href":"https:\/\/stanziacocci.com\/de\/wp-json\/wp\/v2\/pages\/486\/revisions\/609"}],"wp:attachment":[{"href":"https:\/\/stanziacocci.com\/de\/wp-json\/wp\/v2\/media?parent=486"}],"curies":[{"name":"wp","href":"https:\/\/api.w.org\/{rel}","templated":true}]}}